{"id":11534,"date":"2023-12-06T14:00:46","date_gmt":"2023-12-06T12:00:46","guid":{"rendered":"https:\/\/badia.marficom.com\/aviso-legal\/"},"modified":"2024-02-05T18:27:21","modified_gmt":"2024-02-05T16:27:21","slug":"aviso-legal","status":"publish","type":"page","link":"https:\/\/www.badia-adv.com\/es\/aviso-legal\/","title":{"rendered":"Aviso legal"},"content":{"rendered":"<section class=\"wpb-content-wrapper\"><p>[vc_row][vc_column][vc_column_text]<strong>Identidad del responsable<\/strong>: ESTUDI JUR\u00cdDIC BADIA SLP<br \/>\n<strong>Nombre del dominio:<\/strong> badia-adv.com<br \/>\n<strong>Nombre comercial:<\/strong> ESTUDI JUR\u00cdDIC BADIA SLP<br \/>\n<strong>NIF\/CIF:<\/strong> B13911649<br \/>\n<strong>Direcci\u00f3n:<\/strong> ESTUDI JUR\u00cdDIC BADIA SLP. Pla\u00e7a Vella, 7. 1r, 08221 Terrassa (Barcelona)<br \/>\n<strong>Correo electr\u00f3nico:<\/strong> info@badia-adv.com<br \/>\n<strong>Inscrita en el Registro Mercantil:<\/strong> Registro Mercantil de Barcelona en el volumen 48887, folio 97, hoja B 599826<\/p>\n<p>ESTUDI JUR\u00cdDIC BADIA SLP asume el compromiso de procesar la informaci\u00f3n de sus usuarios y clientes con plenas garant\u00edas y cumplir con los requisitos nacionales y europeos que regulan la recopilaci\u00f3n y uso de los datos personales de sus usuarios.<br \/>\nEsta web, por tanto, cumple rigurosamente con el Reglamento (UE) 2016\/679 del Parlamento Europeo y del Consejo de 27 de abril de 2016 relativo a la protecci\u00f3n de las personas f\u00edsicas (RGPD), as\u00ed como con la Ley 34\/2002, de 11 de julio, de Servicios de la Sociedad de la Informaci\u00f3n y Comercio Electr\u00f3nico (LSSICE o LSSI). Cumple tambi\u00e9n con la Ley Org\u00e1nica 3\/2018 de 5 de diciembre de Protecci\u00f3n de Datos de Car\u00e1cter Personal y Garant\u00eda de Derechos Digitales (LOPDGDD).<\/p>\n<p><strong>Acceso a la p\u00e1gina web<\/strong><br \/>\nLos usuarios pueden acceder de forma gratuita y libre a la p\u00e1gina web. En el caso de productos o servicios que requieran cierto pago, ESTUDI JUR\u00cdDIC BADIA SLP informar\u00e1 de las condiciones particulares correspondientes a los usuarios.<br \/>\nEn general, el acceso a la informaci\u00f3n y las utilidades de esta p\u00e1gina web no exige registro previo de usuario. No obstante, los usuarios podr\u00e1n solicitar, cumplimentando los formularios correspondientes, la recepci\u00f3n de informaci\u00f3n y publicidad sobre ESTUDI JUR\u00cdDIC BADIA SLP (newsletter, por ejemplo). Los usuarios garantizan que toda la informaci\u00f3n y los datos de car\u00e1cter personal facilitados en los formularios ser\u00e1n propios y ciertos. Los usuarios ser\u00e1n los \u00fanicos responsables de las manifestaciones falsas o inexactas que realicen, y de los perjuicios que el uso de esta informaci\u00f3n pueda ocasionar a ESTUDI JUR\u00cdDIC BADIA SLP o a terceros. De igual modo, los usuarios se comprometen a notificar a ESTUDI JUR\u00cdDIC BADIA SLP cualquier cambio que pueda producirse, en relaci\u00f3n con la informaci\u00f3n y los datos personales comunicados.<br \/>\nESTUDI JUR\u00cdDIC BADIA SLP se reserva el derecho a interrumpir el acceso a su p\u00e1gina web, en cualquier momento y sin previo aviso, sea por motivos de seguridad, control, mantenimiento, errores de suministro el\u00e9ctrico o por cualquier otra causa. Esta interrupci\u00f3n podr\u00e1 tener car\u00e1cter temporal o definitivo, en cuyo caso se comunicar\u00e1 esta circunstancia a los usuarios. Por lo tanto, ESTUDI JUR\u00cdDIC BADIA SLP no garantiza la fiabilidad, la disponibilidad ni la continuidad de su p\u00e1gina web, en el caso de presentarse las causas anteriormente citadas, por tanto, en ning\u00fan momento se podr\u00e1n exigir responsabilidades a ESTUDI JUR\u00cdDIC BADIA SLP en este sentido.<\/p>\n<p><strong>Uso de la p\u00e1gina web<\/strong><br \/>\nLa utilizaci\u00f3n de la p\u00e1gina web de ESTUDI JUR\u00cdDIC BADIA SLP por cualquier persona le atribuye la condici\u00f3n de usuario, quien acepta que ese uso es bajo su exclusiva responsabilidad.<br \/>\nLos usuarios se comprometen a utilizar la informaci\u00f3n, actividades, productos o servicios que ESTUDI JUR\u00cdDIC BADIA SLP pone a su disposici\u00f3n en esta p\u00e1gina web conforme a las presentes condiciones generales y a la legalidad vigente, y, en cualquier caso, se compromete a no utilizarlos para actividades contrarias a las leyes, a la moral o al orden p\u00fablico.<br \/>\nLos Contenidos de la p\u00e1gina web son puestos a disposici\u00f3n de los usuarios por ESTUDI JUR\u00cdDIC BADIA SLP como informaci\u00f3n propia o, en su caso, de terceros. De este modo, ESTUDI JUR\u00cdDIC BADIA SLP pondr\u00e1 los medios razonables a su disposici\u00f3n para que los Contenidos incluidos a su p\u00e1gina web sean exactos y est\u00e9n actualizados.<br \/>\nEn cuanto a los menores de edad que deseen hacer uso de esta p\u00e1gina web deber\u00e1n tener el permiso de sus padres o tutores, que en cualquier caso ser\u00e1n los responsables de sus actos. No obstante, ESTUDI JUR\u00cdDIC BADIA SLP garantiza la protecci\u00f3n del menor en cuanto a los Contenidos dirigidos especialmente al p\u00fablico familiar.<\/p>\n<p><strong>Modificaciones<\/strong><br \/>\nESTUDI JUR\u00cdDIC BADIA SLP se reserva el derecho de efectuar sin previo aviso las modificaciones que considere oportunas en su portal, pudiendo cambiar, suprimir o a\u00f1adir tanto los contenidos y servicios que se presten a trav\u00e9s de la misma como la forma en la que \u00e9stos aparezcan presentados o localizados en su portal.<\/p>\n<p><strong>Informaci\u00f3n sobre los v\u00ednculos \u201clinks\u201d<\/strong><br \/>\nLas p\u00e1ginas de Internet de ESTUDI JUR\u00cdDIC BADIA SLP pueden contener enlaces (<em>links<\/em>) a otras p\u00e1ginas de terceros. Por lo tanto, \u00e9sta no podr\u00e1 asumir responsabilidades por el contenido que pueda aparecer en p\u00e1ginas de terceros. Cualquier acto de transmisi\u00f3n, distribuci\u00f3n, cesi\u00f3n, reproducci\u00f3n, almacenamiento o comunicaci\u00f3n p\u00fablica total o parcial, debe contar con el consentimiento expreso de ESTUDI JUR\u00cdDIC BADIA SLP .<br \/>\nEn cumplimiento de lo dispuesto en el art. 11 y 16 de la LSSICE, ESTUDI JUR\u00cdDIC BADIA SLP se pone a disposici\u00f3n de todos los usuarios, autoridades y fuerzas de seguridad, y colaborando de forma activa en la retirada o, cuando sea necesario, el bloqueo de todos aquellos contenidos que puedan afectar o contravenir la legislaci\u00f3n nacional, o internacional, derechos de terceros o la moral y el orden p\u00fablico. En caso de que el usuario considere que puede existir alg\u00fan contenido que pudiera ser susceptible de esta clasificaci\u00f3n, se ruega lo notifique de forma inmediata al administrador del sitio web.<\/p>\n<p><strong>Renuncia y limitaci\u00f3n de la responsabilidad<\/strong><br \/>\nLos usuarios responder\u00e1n de los da\u00f1os y perjuicios de cualquier naturaleza que ESTUDI JUR\u00cdDIC BADIA SLP o terceros puedan sufrir como consecuencia del incumplimiento de cualquiera de las disposiciones estipuladas en este Aviso Legal o en su caso, en las condiciones de venta, pol\u00edtica de privacidad y el resto de condiciones legales que sean de aplicaci\u00f3n.<br \/>\nESTUDI JUR\u00cdDIC BADIA SLP no se responsabiliza de los da\u00f1os y perjuicios producidos en los equipos inform\u00e1ticos de los usuarios o de terceros derivados del acceso a esta p\u00e1gina web, porque este acceso no supone en ning\u00fan caso la obligaci\u00f3n de ESTUDI JUR\u00cdDIC BADIA SLP de controlar la ausencia de virus, gusanos o cualquier otro elemento inform\u00e1tico da\u00f1ino.<br \/>\nESTUDI JUR\u00cdDIC BADIA SLP no se responsabiliza de los contenidos y servicios de los enlaces, p\u00e1ginas o sistemas de terceros conectados a esta p\u00e1gina web y, por lo tanto, no se responsabiliza de los da\u00f1os producidos por la ilicitud, calidad, desactualizaci\u00f3n, indisponibilidad, error o inutilidad de los mismos.<\/p>\n<p><strong>Informaci\u00f3n relativa a la Propiedad Intelectual e Industrial<\/strong><br \/>\nTodos los contenidos de esta p\u00e1gina web, entendiendo como tal, a t\u00edtulo meramente enunciativo los textos, fotograf\u00edas, gr\u00e1ficos, im\u00e1genes, iconos, signos distintivos o logotipos, marcas, nombres comerciales, tecnolog\u00eda, programario, enlaces y dem\u00e1s contenidos audiovisuales o sonoros, as\u00ed como su dise\u00f1o gr\u00e1fico y c\u00f3digos fuente (referidos de forma abreviada como los \u2019Contenidos\u2019), son propiedad intelectual de ESTUDI JUR\u00cdDIC BADIA SLP o, en su caso, de terceros, salvo especificaci\u00f3n de lo contrario.<br \/>\nLos usuarios deber\u00e1n respetar en todo momento todos los derechos de propiedad intelectual e industrial sobre esta p\u00e1gina web, de titularidad de ESTUDI JUR\u00cdDIC BADIA SLP o de terceros.<br \/>\nQueda expresamente prohibida la reproducci\u00f3n, transformaci\u00f3n, distribuci\u00f3n, comunicaci\u00f3n p\u00fablica, puesta a disposici\u00f3n, extracci\u00f3n, reutilizaci\u00f3n, retransmisi\u00f3n u utilizaci\u00f3n de cualquier naturaleza, por cualquier medio o procedimiento, de cualquiera de estos derechos, excepto en los casos que est\u00e9 legalmente permitido, es decir, autorizado por el titular de los correspondientes derechos. Para la utilizaci\u00f3n autorizada de los Contenidos de esta p\u00e1gina web, con finalidades exclusivamente informativas o pedag\u00f3gicas, los usuarios pueden dirigirse a info@badia-adv.com. No obstante, los usuarios podr\u00e1n visualizar y obtener una copia privada temporal de los Contenidos para su exclusivo uso personal y privado en sus sistemas inform\u00e1ticos, siempre que no sea con la finalidad de desarrollar actividades de car\u00e1cter comercial o profesional o con finalidades de distribuci\u00f3n, modificaci\u00f3n, alteraci\u00f3n o descompilaci\u00f3n.<\/p>\n<p><strong>Protecci\u00f3n de datos personales<\/strong><br \/>\nLos datos de car\u00e1cter personal recibidos de los usuarios ser\u00e1n tratados de modo confidencial, cumpliendo adecuadamente y en todo momento las disposiciones contenidas en el RGPD, en la LOPDGDD y en cualquier otra norma vigente o que en el futuro pueda promulgarse sobre la materia.<br \/>\nESTUDI JUR\u00cdDIC BADIA SLP se compromete a tratar los datos de car\u00e1cter personal conforme a las finalidades para las que han sido obtenidos, a no aplicarlos ni utilizarlos con fin distinto y a no comunicarlos, ni siquiera para su conservaci\u00f3n, a otras personas, salvo con el consentimiento previo y expreso de la parte en cuesti\u00f3n. Asimismo, ESTUDI JUR\u00cdDIC BADIA SLP se compromete a adoptar y aplicar las medidas t\u00e9cnicas y organizativas apropiadas para garantizar un nivel de seguridad que evite su alteraci\u00f3n, p\u00e9rdida, tratamiento o acceso no autorizado, habida cuenta del estado de la tecnolog\u00eda, la naturaleza de los datos almacenados y los riesgos a que est\u00e9n expuestos, conforme lo previsto en el art\u00edculo 32 del RGPD.<br \/>\nPara m\u00e1s informaci\u00f3n, ver nuestra <a href=\"https:\/\/www.badia-adv.com\/es\/politica-de-privacidad\/\">Pol\u00edtica de Privacidad.<\/a><\/p>\n<p><strong>Uso de Cookies<\/strong><br \/>\nEste sitio web puede utilizar cookies t\u00e9cnicas (peque\u00f1os archivos de informaci\u00f3n que el servidor env\u00eda al ordenador de quien accede a la p\u00e1gina) para llevar a cabo determinadas funciones que son consideradas imprescindibles para el correcto funcionamiento y visualizaci\u00f3n del sitio. Las cookies utilizadas tienen, en todo caso, car\u00e1cter temporal, con la \u00fanica finalidad de hacer m\u00e1s eficaz la navegaci\u00f3n, y desaparecen al terminar la sesi\u00f3n del usuario. En ning\u00fan caso, estas cookies proporcionan por s\u00ed mismas datos de car\u00e1cter personal y no se utilizar\u00e1n para la recogida de los mismos.<br \/>\nMediante el uso de cookies tambi\u00e9n es posible que el servidor donde se encuentra la web reconozca el navegador utilizado por el usuario con la finalidad de que la navegaci\u00f3n sea m\u00e1s sencilla, permitiendo, por ejemplo, el acceso de los usuarios que se hayan registrado previamente a las \u00e1reas, servicios, promociones o concursos reservados exclusivamente a ellos sin tener que registrarse en cada visita. Tambi\u00e9n se pueden utilizar para medir la audiencia, par\u00e1metros de tr\u00e1fico, controlar el progreso y n\u00famero de entradas, etc., siendo en estos casos cookies prescindibles t\u00e9cnicamente, pero beneficiosas para el usuario. Este sitio web no instalar\u00e1 cookies prescindibles sin el consentimiento previo del usuario.<br \/>\nEste sitio web puede utilizar cookies propias y de terceros para fines anal\u00edticos y para mostrarle publicidad personalizada en base a un perfil elaborado a partir de sus h\u00e1bitos de navegaci\u00f3n (por ejemplo, p\u00e1ginas visitadas). A todo usuario que visite la web se le informar\u00e1 del uso de estas cookies mediante un banner flotante. En el caso de aceptar su uso, el banner desaparecer\u00e1, aunque en todo momento podr\u00e1 revocar el consentimiento y obtener m\u00e1s informaci\u00f3n consultando nuestra Pol\u00edtica de cookies.<br \/>\nEl usuario tiene la posibilidad de configurar su navegador para ser alertado de la recepci\u00f3n de cookies y para impedir su instalaci\u00f3n en su equipo. Por favor, consulte las instrucciones de su navegador para ampliar esta informaci\u00f3n.<\/p>\n<p><strong>Direcciones IP<\/strong><br \/>\nLos servidores del sitio web podr\u00e1n detectar de manera autom\u00e1tica la direcci\u00f3n IP y el nombre de dominio utilizados por el usuario. Una direcci\u00f3n IP es un n\u00famero asignado autom\u00e1ticamente a un ordenador cuando este se conecta a Internet. Toda esta informaci\u00f3n se registra en un fichero de actividad del servidor debidamente inscrito que permite el posterior procesamiento de los datos con el fin de obtener mediciones \u00fanicamente estad\u00edsticas que permitan conocer el n\u00famero de impresiones de p\u00e1ginas, el n\u00famero de visitas realizadas a los servidores web, el orden de visitas, el punto de acceso, etc<\/p>\n<p><strong>Legislaci\u00f3n aplicable y jurisdicci\u00f3n<\/strong><br \/>\nEste Aviso Legal se rige por la legislaci\u00f3n com\u00fan espa\u00f1ola y, salvo que se establezca de otro modo en la normativa aplicable (incluida la normativa de consumidores y usuarios), cualquier conflicto entre las partes se someter\u00e1 a los juzgados y tribunales del domicilio del titular de la p\u00e1gina web.[\/vc_column_text][\/vc_column][\/vc_row]<\/p>\n<\/section>","protected":false},"excerpt":{"rendered":"<p>[vc_row][vc_column][vc_column_text]Identidad del responsable: ESTUDI JUR\u00cdDIC BADIA SLP Nombre del dominio: badia-adv.com Nombre comercial: ESTUDI JUR\u00cdDIC BADIA SLP NIF\/CIF: B13911649 Direcci\u00f3n: ESTUDI JUR\u00cdDIC BADIA SLP. Pla\u00e7a Vella, 7. 1r, 08221 Terrassa (Barcelona) Correo electr\u00f3nico: info@badia-adv.com Inscrita en el Registro Mercantil: Registro Mercantil de Barcelona en el volumen 48887, folio 97, hoja B 599826 ESTUDI JUR\u00cdDIC BADIA [&hellip;]<\/p>\n","protected":false},"author":1,"featured_media":0,"parent":0,"menu_order":0,"comment_status":"closed","ping_status":"open","template":"","meta":{"footnotes":""},"class_list":["post-11534","page","type-page","status-publish","hentry"],"yoast_head":"<!-- This site is optimized with the Yoast SEO plugin v25.9 - https:\/\/yoast.com\/wordpress\/plugins\/seo\/ -->\n<title>Aviso legal - Badia Advocats<\/title>\n<meta name=\"robots\" content=\"index, follow, max-snippet:-1, max-image-preview:large, max-video-preview:-1\" \/>\n<link rel=\"canonical\" href=\"https:\/\/www.badia-adv.com\/es\/aviso-legal\/\" \/>\n<meta property=\"og:locale\" content=\"es_ES\" \/>\n<meta property=\"og:type\" content=\"article\" \/>\n<meta property=\"og:title\" content=\"Aviso legal - Badia Advocats\" \/>\n<meta property=\"og:description\" content=\"[vc_row][vc_column][vc_column_text]Identidad del responsable: ESTUDI JUR\u00cdDIC BADIA SLP Nombre del dominio: badia-adv.com Nombre comercial: ESTUDI JUR\u00cdDIC BADIA SLP NIF\/CIF: B13911649 Direcci\u00f3n: ESTUDI JUR\u00cdDIC BADIA SLP. Pla\u00e7a Vella, 7. 1r, 08221 Terrassa (Barcelona) Correo electr\u00f3nico: info@badia-adv.com Inscrita en el Registro Mercantil: Registro Mercantil de Barcelona en el volumen 48887, folio 97, hoja B 599826 ESTUDI JUR\u00cdDIC BADIA [&hellip;]\" \/>\n<meta property=\"og:url\" content=\"https:\/\/www.badia-adv.com\/es\/aviso-legal\/\" \/>\n<meta property=\"og:site_name\" content=\"Badia Advocats\" \/>\n<meta property=\"article:modified_time\" content=\"2024-02-05T16:27:21+00:00\" \/>\n<meta property=\"og:image\" content=\"https:\/\/www.badia-adv.com\/wp-content\/uploads\/2023\/11\/BAD161015web092.jpg\" \/>\n\t<meta property=\"og:image:width\" content=\"900\" \/>\n\t<meta property=\"og:image:height\" content=\"600\" \/>\n\t<meta property=\"og:image:type\" content=\"image\/jpeg\" \/>\n<meta name=\"twitter:card\" content=\"summary_large_image\" \/>\n<meta name=\"twitter:label1\" content=\"Tiempo de lectura\" \/>\n\t<meta name=\"twitter:data1\" content=\"11 minutos\" \/>\n<script type=\"application\/ld+json\" class=\"yoast-schema-graph\">{\"@context\":\"https:\/\/schema.org\",\"@graph\":[{\"@type\":\"WebPage\",\"@id\":\"https:\/\/www.badia-adv.com\/es\/aviso-legal\/\",\"url\":\"https:\/\/www.badia-adv.com\/es\/aviso-legal\/\",\"name\":\"Aviso legal - Badia Advocats\",\"isPartOf\":{\"@id\":\"https:\/\/www.badia-adv.com\/es\/#website\"},\"datePublished\":\"2023-12-06T12:00:46+00:00\",\"dateModified\":\"2024-02-05T16:27:21+00:00\",\"breadcrumb\":{\"@id\":\"https:\/\/www.badia-adv.com\/es\/aviso-legal\/#breadcrumb\"},\"inLanguage\":\"es\",\"potentialAction\":[{\"@type\":\"ReadAction\",\"target\":[\"https:\/\/www.badia-adv.com\/es\/aviso-legal\/\"]}]},{\"@type\":\"BreadcrumbList\",\"@id\":\"https:\/\/www.badia-adv.com\/es\/aviso-legal\/#breadcrumb\",\"itemListElement\":[{\"@type\":\"ListItem\",\"position\":1,\"name\":\"Inici\",\"item\":\"https:\/\/www.badia-adv.com\/es\/\"},{\"@type\":\"ListItem\",\"position\":2,\"name\":\"Aviso legal\"}]},{\"@type\":\"WebSite\",\"@id\":\"https:\/\/www.badia-adv.com\/es\/#website\",\"url\":\"https:\/\/www.badia-adv.com\/es\/\",\"name\":\"Badia Advocats\",\"description\":\"Despatx multidisciplinari que practica l\u2019advocacia artesanal.\",\"publisher\":{\"@id\":\"https:\/\/www.badia-adv.com\/es\/#organization\"},\"alternateName\":\"Despatx Badia Advocats\",\"potentialAction\":[{\"@type\":\"SearchAction\",\"target\":{\"@type\":\"EntryPoint\",\"urlTemplate\":\"https:\/\/www.badia-adv.com\/es\/?s={search_term_string}\"},\"query-input\":{\"@type\":\"PropertyValueSpecification\",\"valueRequired\":true,\"valueName\":\"search_term_string\"}}],\"inLanguage\":\"es\"},{\"@type\":\"Organization\",\"@id\":\"https:\/\/www.badia-adv.com\/es\/#organization\",\"name\":\"Badia Advocats\",\"url\":\"https:\/\/www.badia-adv.com\/es\/\",\"logo\":{\"@type\":\"ImageObject\",\"inLanguage\":\"es\",\"@id\":\"https:\/\/www.badia-adv.com\/es\/#\/schema\/logo\/image\/\",\"url\":\"\",\"contentUrl\":\"\",\"caption\":\"Badia Advocats\"},\"image\":{\"@id\":\"https:\/\/www.badia-adv.com\/es\/#\/schema\/logo\/image\/\"}}]}<\/script>\n<!-- \/ Yoast SEO plugin. -->","yoast_head_json":{"title":"Aviso legal - Badia Advocats","robots":{"index":"index","follow":"follow","max-snippet":"max-snippet:-1","max-image-preview":"max-image-preview:large","max-video-preview":"max-video-preview:-1"},"canonical":"https:\/\/www.badia-adv.com\/es\/aviso-legal\/","og_locale":"es_ES","og_type":"article","og_title":"Aviso legal - Badia Advocats","og_description":"[vc_row][vc_column][vc_column_text]Identidad del responsable: ESTUDI JUR\u00cdDIC BADIA SLP Nombre del dominio: badia-adv.com Nombre comercial: ESTUDI JUR\u00cdDIC BADIA SLP NIF\/CIF: B13911649 Direcci\u00f3n: ESTUDI JUR\u00cdDIC BADIA SLP. Pla\u00e7a Vella, 7. 1r, 08221 Terrassa (Barcelona) Correo electr\u00f3nico: info@badia-adv.com Inscrita en el Registro Mercantil: Registro Mercantil de Barcelona en el volumen 48887, folio 97, hoja B 599826 ESTUDI JUR\u00cdDIC BADIA [&hellip;]","og_url":"https:\/\/www.badia-adv.com\/es\/aviso-legal\/","og_site_name":"Badia Advocats","article_modified_time":"2024-02-05T16:27:21+00:00","og_image":[{"width":900,"height":600,"url":"https:\/\/www.badia-adv.com\/wp-content\/uploads\/2023\/11\/BAD161015web092.jpg","type":"image\/jpeg"}],"twitter_card":"summary_large_image","twitter_misc":{"Tiempo de lectura":"11 minutos"},"schema":{"@context":"https:\/\/schema.org","@graph":[{"@type":"WebPage","@id":"https:\/\/www.badia-adv.com\/es\/aviso-legal\/","url":"https:\/\/www.badia-adv.com\/es\/aviso-legal\/","name":"Aviso legal - Badia Advocats","isPartOf":{"@id":"https:\/\/www.badia-adv.com\/es\/#website"},"datePublished":"2023-12-06T12:00:46+00:00","dateModified":"2024-02-05T16:27:21+00:00","breadcrumb":{"@id":"https:\/\/www.badia-adv.com\/es\/aviso-legal\/#breadcrumb"},"inLanguage":"es","potentialAction":[{"@type":"ReadAction","target":["https:\/\/www.badia-adv.com\/es\/aviso-legal\/"]}]},{"@type":"BreadcrumbList","@id":"https:\/\/www.badia-adv.com\/es\/aviso-legal\/#breadcrumb","itemListElement":[{"@type":"ListItem","position":1,"name":"Inici","item":"https:\/\/www.badia-adv.com\/es\/"},{"@type":"ListItem","position":2,"name":"Aviso legal"}]},{"@type":"WebSite","@id":"https:\/\/www.badia-adv.com\/es\/#website","url":"https:\/\/www.badia-adv.com\/es\/","name":"Badia Advocats","description":"Despatx multidisciplinari que practica l\u2019advocacia artesanal.","publisher":{"@id":"https:\/\/www.badia-adv.com\/es\/#organization"},"alternateName":"Despatx Badia Advocats","potentialAction":[{"@type":"SearchAction","target":{"@type":"EntryPoint","urlTemplate":"https:\/\/www.badia-adv.com\/es\/?s={search_term_string}"},"query-input":{"@type":"PropertyValueSpecification","valueRequired":true,"valueName":"search_term_string"}}],"inLanguage":"es"},{"@type":"Organization","@id":"https:\/\/www.badia-adv.com\/es\/#organization","name":"Badia Advocats","url":"https:\/\/www.badia-adv.com\/es\/","logo":{"@type":"ImageObject","inLanguage":"es","@id":"https:\/\/www.badia-adv.com\/es\/#\/schema\/logo\/image\/","url":"","contentUrl":"","caption":"Badia Advocats"},"image":{"@id":"https:\/\/www.badia-adv.com\/es\/#\/schema\/logo\/image\/"}}]}},"_links":{"self":[{"href":"https:\/\/www.badia-adv.com\/es\/wp-json\/wp\/v2\/pages\/11534","targetHints":{"allow":["GET"]}}],"collection":[{"href":"https:\/\/www.badia-adv.com\/es\/wp-json\/wp\/v2\/pages"}],"about":[{"href":"https:\/\/www.badia-adv.com\/es\/wp-json\/wp\/v2\/types\/page"}],"author":[{"embeddable":true,"href":"https:\/\/www.badia-adv.com\/es\/wp-json\/wp\/v2\/users\/1"}],"replies":[{"embeddable":true,"href":"https:\/\/www.badia-adv.com\/es\/wp-json\/wp\/v2\/comments?post=11534"}],"version-history":[{"count":7,"href":"https:\/\/www.badia-adv.com\/es\/wp-json\/wp\/v2\/pages\/11534\/revisions"}],"predecessor-version":[{"id":11880,"href":"https:\/\/www.badia-adv.com\/es\/wp-json\/wp\/v2\/pages\/11534\/revisions\/11880"}],"wp:attachment":[{"href":"https:\/\/www.badia-adv.com\/es\/wp-json\/wp\/v2\/media?parent=11534"}],"curies":[{"name":"wp","href":"https:\/\/api.w.org\/{rel}","templated":true}]}}