{"id":11583,"date":"2023-12-06T13:00:02","date_gmt":"2023-12-06T11:00:02","guid":{"rendered":"https:\/\/badia.marficom.com\/politica-de-privacidad\/"},"modified":"2024-02-05T18:15:26","modified_gmt":"2024-02-05T16:15:26","slug":"politica-de-privacidad","status":"publish","type":"page","link":"https:\/\/www.badia-adv.com\/es\/politica-de-privacidad\/","title":{"rendered":"Pol\u00edtica de privacidad"},"content":{"rendered":"<section class=\"wpb-content-wrapper\"><p>[vc_row][vc_column][vc_column_text]<\/p>\n<h3><strong>INFORMACI\u00d3N B\u00c1SICA SOBRE PROTECCI\u00d3N DE DATOS<\/strong><\/h3>\n<p><strong>Responsable<\/strong><br \/>\nESTUDI JUR\u00cdDIC BADIA SLP<br \/>\n<u><a href=\"https:\/\/www.badia-adv.com\/es\/politica-de-privacidad\/#1\">+info<\/a><\/u><\/p>\n<p><strong>Finalidad<\/strong><br \/>\n&#8211; Gesti\u00f3n de los servicios contratados.<br \/>\n&#8211; Tratamiento con fines comerciales, env\u00edo de ofertas, informaci\u00f3n y propuestas comerciales.<br \/>\n&#8211; Participaci\u00f3n en las actividades del responsable.<br \/>\n<u><a href=\"https:\/\/www.badia-adv.com\/es\/politica-de-privacidad\/#2\">+info<\/a><\/u><\/p>\n<p><strong>Legitimaci\u00f3n<\/strong><br \/>\nConsentimiento del interesado, con excepci\u00f3n de determinados supuestos en los que exista un inter\u00e9s leg\u00edtimo.<br \/>\n<u><a href=\"https:\/\/www.badia-adv.com\/es\/politica-de-privacidad\/#3\">+info<\/a><\/u><\/p>\n<p><strong>Destinatarios<\/strong><br \/>\nSus datos ser\u00e1n tratados exclusivamente por ESTUDI JUR\u00cdDIC BADIA SLP a excepci\u00f3n de aquellos casos en los que la comunicaci\u00f3n de sus datos a terceros sea necesaria para poder cumplimentar la finalidad directamente relacionada con el servicio contratado.<br \/>\n<u><a href=\"https:\/\/www.badia-adv.com\/es\/politica-de-privacidad\/#4\">+info<\/a><\/u><\/p>\n<p><strong>Conservaci\u00f3n de los datos<\/strong><br \/>\nHasta la finalizaci\u00f3n del servicio o hasta que exista obligaci\u00f3n legal.<br \/>\n<u><a href=\"https:\/\/www.badia-adv.com\/es\/politica-de-privacidad\/#5\">+info<\/a><\/u><\/p>\n<p><strong>Derechos<\/strong><br \/>\nAcceder, suprimir y rectificar los datos, as\u00ed como otros derechos, tal y como se explica en la informaci\u00f3n adicional.<br \/>\nPresentar una reclamaci\u00f3n ante la Autoridad de Control (www.aepd.es).<br \/>\n<u><a href=\"https:\/\/www.badia-adv.com\/es\/politica-de-privacidad\/#6\">+info<\/a><\/u><\/p>\n<p><strong>Informaci\u00f3n adicional<\/strong><br \/>\nPuede consultar la informaci\u00f3n adicional y detallada sobre protecci\u00f3n de datos en el aviso legal y pol\u00edtica de privacidad de la presente web.<br \/>\n<u><a href=\"https:\/\/www.badia-adv.com\/es\/politica-de-privacidad\/#7\">+info<\/a><\/u><\/p>\n<p><strong>INFORMACI\u00d3N ADICIONAL SOBRE PROTECCI\u00d3N DE DATOS<\/strong><\/p>\n<p><strong><a name=\"1\"><\/a>\u00bfQui\u00e9n es el responsable del tratamiento de sus datos personales?<\/strong><\/p>\n<p><strong>ESTUDI JUR\u00cdDIC BADIA SLP<\/strong> es el RESPONSABLE del tratamiento de los datos personales del USUARIO y le informa que estos datos se tratar\u00e1n de conformidad con lo dispuesto en el Reglamento (UE) 2016\/679, de 27 de abril (RGPD ), y la Ley Org\u00e1nica 3\/2018, de 5 de diciembre (LOPDGDD).<\/p>\n<p><strong><a name=\"2\"><\/a>\u00bfPor qu\u00e9 tratamos sus datos personales?<\/strong><\/p>\n<p>Para mantener una relaci\u00f3n comercial con el USUARIO. Las operaciones previstas para realizar el tratamiento son:<\/p>\n<p>\u2022 Env\u00edo de comunicaciones comerciales publicitarias por e-mail, fax, SMS, MMS, redes sociales o cualquier otro medio electr\u00f3nico o f\u00edsico, presente o futuro, que permita efectuar comunicaciones comerciales. Estas comunicaciones se realizar\u00e1n a trav\u00e9s del RESPONSABLE y est\u00e1n relacionadas con sus servicios, o con sus colaboradores o proveedores, con los que haya llegado a alg\u00fan acuerdo de promoci\u00f3n. En este caso, los terceros nunca tendr\u00e1n acceso a los datos personales.<\/p>\n<p>\u2022 Efectuar estudios de mercado y an\u00e1lisis estad\u00edsticos.<\/p>\n<p>\u2022 Tramitar encargos de peticiones, dar respuesta a las consultas o cualquier tipo de petici\u00f3n que realice el USUARIO a trav\u00e9s de cualquiera de las formas de contacto que se ponen a su disposici\u00f3n en la p\u00e1gina web del RESPONSABLE.<\/p>\n<p>\u2022 Enviar el bolet\u00edn informativo online sobre novedades en nuestra actividad e informaci\u00f3n de inter\u00e9s por el USUARIO.<\/p>\n<p>\u2022 Mantenimiento de la relaci\u00f3n con el cliente.<\/p>\n<p>Tipo de USUARIO:<\/p>\n<p>\u2022 Clientes del despacho: Datos identificativos de nuestros clientes.<\/p>\n<p>\u2022 Suscriptores en nuestra newsletter: Email de aquellas personas f\u00edsicas y jur\u00eddicas que se han suscrito en nuestra newsletter, as\u00ed como de los clientes del despacho.<\/p>\n<p>\u2022 Otros: Datos identificativos de personas que han contactado con nuestro despacho por cualquier medio sin haber mantenido una relaci\u00f3n previa.<\/p>\n<p><strong><a name=\"3\"><\/a>\u00bfPor qu\u00e9 podemos tratar sus datos personales?<\/strong><\/p>\n<p>Porque el tratamiento est\u00e1 legitimado por el art\u00edculo 6 del RGPD de la siguiente manera:<\/p>\n<p>\u2022 Con el consentimiento del USUARIO: env\u00edo de comunicaciones y del bolet\u00edn informativo.<\/p>\n<p>\u2022 Por inter\u00e9s leg\u00edtimo del RESPONSABLE: efectuar estudios de mercado, an\u00e1lisis estad\u00edsticos, etc. y tramitar encargos, solicitudes, etc. a petici\u00f3n del USUARIO.<\/p>\n<p>\u2022 Cuando sea necesario por la ejecuci\u00f3n de un contrato y por cumplir las obligaciones establecidas en dicho contrato.<\/p>\n<p>\u2022 No se elaborar\u00e1n perfiles ni se realizar\u00e1n decisiones automatizadas.<\/p>\n<p><strong><a name=\"4\"><\/a>\u00bfA qui\u00e9n facilitamos sus datos personales?<\/strong><\/p>\n<p>No est\u00e1 prevista ninguna comunicaci\u00f3n de datos personales a terceros salvo obligaci\u00f3n legal o, si fuera necesario para el desarrollo y ejecuci\u00f3n de las finalidades del tratamiento, a nuestros proveedores de servicios relacionados con comunicaciones, con los que el RESPONSABLE ha formalizado los contratos de confidencialidad y de encargado de tratamiento exigido por la normativa vigente de privacidad.<\/p>\n<p><strong><a name=\"5\"><\/a>\u00bfDurante cu\u00e1nto tiempo guardaremos sus datos personales?<\/strong><\/p>\n<p>Se conservar\u00e1n durante no m\u00e1s tiempo del necesario para mantener la finalidad del tratamiento o mientras haya prescripciones legales que dictaminen su custodia. En este caso los datos se conservar\u00e1n bloqueados hasta la finalizaci\u00f3n del plazo de prescripci\u00f3n, entonces se suprimir\u00e1n con las medidas de seguridad adecuadas para garantizar su anonimizaci\u00f3n o la destrucci\u00f3n total de los mismos.<\/p>\n<p>Si existe una relaci\u00f3n contractual con el USUARIO el plazo de conservaci\u00f3n es de diez a\u00f1os a partir de la finalizaci\u00f3n del contrato. En el caso de suscripci\u00f3n a la newsletter ser\u00e1 de tres a\u00f1os a partir de la fecha de revocaci\u00f3n del consentimiento.<\/p>\n<p><strong><a name=\"6\"><\/a>\u00bfCu\u00e1les son sus derechos?<\/strong><\/p>\n<p>Los derechos que tiene el USUARIO son:<\/p>\n<p>\u2022 Derecho a retirar el consentimiento en cualquier momento.<\/p>\n<p>\u2022 Derecho de:<br \/>\n&#8212; Acceso: el USUARIO tiene derecho a conocer los datos.<br \/>\n&#8212; Rectificaci\u00f3n: el USUARIO tiene derecho a poder rectificar o completar cualquier dato que sea inexacto o incompleta.<br \/>\n&#8212; Portabilidad: el USUARIO podr\u00e1 obtener una copia de sus datos y si es t\u00e9cnicamente posible, que sean comunicadas a otro responsable.<br \/>\n&#8212; Supresi\u00f3n: el USUARIO puede solicitar que sus datos sean suprimidos de los sistemas del RESPONSABLE<br \/>\n&#8212; Limitaci\u00f3n: el USUARIO puede limitar la forma en que tratamos sus datos en los supuestos establecidos por el RGPD.<br \/>\n&#8212; Oposici\u00f3n: el USAURIO puede oponerse al tratamiento de sus datos siempre que esto sea posible.<\/p>\n<p>\u2022 Derecho a presentar reclamaci\u00f3n ante la autoridad de control (www.aepd.es) si considera que el tratamiento no se ajusta a la normativa vigente.<\/p>\n<p>Descargue todos los modelos de ejercicio de derechos <u><a href=\"https:\/\/www.geraldpuigboronat.com\/download\/Badia_CA_doc_legal.zip\"><strong>aqu\u00ed<\/strong><\/a><\/u> .<\/p>\n<p><strong>Datos de contacto para ejercer sus derechos:<\/strong> ESTUDI JUR\u00cdDIC BADIA SLP. Pl Vella, 7. 1\u00ba, &#8211; 08221 Terrassa (Barcelona). E-mail: info@badia-adv.com<br \/>\nDatos de contacto del DPD: AJ Auditor\u00eda Sistemas ajove@aj-auditoria.com<\/p>\n<p><strong><a id=\"7\" name=\"7\"><\/a>Informaci\u00f3n adicional<\/strong><\/p>\n<p><strong>Car\u00e1cter obligatorio o facultativo de la informaci\u00f3n facilitada<\/strong><\/p>\n<p>El USUARIO, mediante la marcaci\u00f3n de las casillas correspondientes y la entrada de datos en los campos, acepta expresamente y de forma libre e inequ\u00edvoca, que sus datos son necesarios para atender su petici\u00f3n. El RESPONSABLE indicar\u00e1 qu\u00e9 datos son necesarios para la prestaci\u00f3n de un servicio \u00f3ptimo al USUARIO. En caso de que no se faciliten estos datos, no se garantiza que la informaci\u00f3n y servicios facilitados sean completamente ajustados a sus necesidades.<br \/>\nEl USUARIO garantiza que los datos personales facilitados al RESPONSABLE son veraces y se hace responsable de comunicar cualquier modificaci\u00f3n de los mismos.<\/p>\n<p><strong>Medidas de seguridad<\/strong><\/p>\n<p>Que, de conformidad con lo que establecen las normativas vigentes en protecci\u00f3n de datos personales, el RESPONSABLE est\u00e1 cumpliendo con todas las disposiciones de las normativas RGPD y LOPDGDD para el tratamiento de los datos personales de su responsabilidad, y manifiestamente con los principios descritos en el art\u00edculo 5 del RGPD, por los que se tratan de forma l\u00edcita, leal y transparente en relaci\u00f3n con el interesado y adecuadas, pertinentes y limitadas a lo necesario en relaci\u00f3n con las finalidades para las que se tratan.<\/p>\n<p>El RESPONSABLE garantiza que ha implementado pol\u00edticas t\u00e9cnicas y organizativas apropiadas para aplicar las medidas de seguridad establecidas por el RGPD y la LOPDGDD para proteger los derechos y libertades de los USUARIOS y les ha comunicado la informaci\u00f3n adecuada para que puedan ejercerlos.<\/p>\n<p>Para m\u00e1s informaci\u00f3n sobre las garant\u00edas de privacidad, puedes dirigirte al RESPONSABLE a trav\u00e9s de ESTUDI JUR\u00cdDIC BADIA SLP. Pla\u00e7a Vella, 7. 1\u00ba, &#8211; 08221 Terrassa (Barcelona). E-mail: info@badia-adv.com o del DPD: AJ Auditor\u00eda Sistemas &#8211; ajove@aj-auditoria.com<\/p>\n<p>[\/vc_column_text][\/vc_column][\/vc_row]<\/p>\n<\/section>","protected":false},"excerpt":{"rendered":"<p>[vc_row][vc_column][vc_column_text] INFORMACI\u00d3N B\u00c1SICA SOBRE PROTECCI\u00d3N DE DATOS Responsable ESTUDI JUR\u00cdDIC BADIA SLP +info Finalidad &#8211; Gesti\u00f3n de los servicios contratados. &#8211; Tratamiento con fines comerciales, env\u00edo de ofertas, informaci\u00f3n y propuestas comerciales. &#8211; Participaci\u00f3n en las actividades del responsable. +info Legitimaci\u00f3n Consentimiento del interesado, con excepci\u00f3n de determinados supuestos en los que exista un inter\u00e9s [&hellip;]<\/p>\n","protected":false},"author":1,"featured_media":0,"parent":0,"menu_order":0,"comment_status":"closed","ping_status":"open","template":"","meta":{"footnotes":""},"class_list":["post-11583","page","type-page","status-publish","hentry"],"yoast_head":"<!-- This site is optimized with the Yoast SEO plugin v25.9 - https:\/\/yoast.com\/wordpress\/plugins\/seo\/ -->\n<title>Pol\u00edtica de privacidad - Badia Advocats<\/title>\n<meta name=\"robots\" content=\"index, follow, max-snippet:-1, max-image-preview:large, max-video-preview:-1\" \/>\n<link rel=\"canonical\" href=\"https:\/\/www.badia-adv.com\/es\/politica-de-privacidad\/\" \/>\n<meta property=\"og:locale\" content=\"es_ES\" \/>\n<meta property=\"og:type\" content=\"article\" \/>\n<meta property=\"og:title\" content=\"Pol\u00edtica de privacidad - Badia Advocats\" \/>\n<meta property=\"og:description\" content=\"[vc_row][vc_column][vc_column_text] INFORMACI\u00d3N B\u00c1SICA SOBRE PROTECCI\u00d3N DE DATOS Responsable ESTUDI JUR\u00cdDIC BADIA SLP +info Finalidad &#8211; Gesti\u00f3n de los servicios contratados. &#8211; Tratamiento con fines comerciales, env\u00edo de ofertas, informaci\u00f3n y propuestas comerciales. &#8211; Participaci\u00f3n en las actividades del responsable. +info Legitimaci\u00f3n Consentimiento del interesado, con excepci\u00f3n de determinados supuestos en los que exista un inter\u00e9s [&hellip;]\" \/>\n<meta property=\"og:url\" content=\"https:\/\/www.badia-adv.com\/es\/politica-de-privacidad\/\" \/>\n<meta property=\"og:site_name\" content=\"Badia Advocats\" \/>\n<meta property=\"article:modified_time\" content=\"2024-02-05T16:15:26+00:00\" \/>\n<meta property=\"og:image\" content=\"https:\/\/www.badia-adv.com\/wp-content\/uploads\/2023\/11\/BAD161015web092.jpg\" \/>\n\t<meta property=\"og:image:width\" content=\"900\" \/>\n\t<meta property=\"og:image:height\" content=\"600\" \/>\n\t<meta property=\"og:image:type\" content=\"image\/jpeg\" \/>\n<meta name=\"twitter:card\" content=\"summary_large_image\" \/>\n<meta name=\"twitter:label1\" content=\"Tiempo de lectura\" \/>\n\t<meta name=\"twitter:data1\" content=\"7 minutos\" \/>\n<script type=\"application\/ld+json\" class=\"yoast-schema-graph\">{\"@context\":\"https:\/\/schema.org\",\"@graph\":[{\"@type\":\"WebPage\",\"@id\":\"https:\/\/www.badia-adv.com\/es\/politica-de-privacidad\/\",\"url\":\"https:\/\/www.badia-adv.com\/es\/politica-de-privacidad\/\",\"name\":\"Pol\u00edtica de privacidad - Badia Advocats\",\"isPartOf\":{\"@id\":\"https:\/\/www.badia-adv.com\/es\/#website\"},\"datePublished\":\"2023-12-06T11:00:02+00:00\",\"dateModified\":\"2024-02-05T16:15:26+00:00\",\"breadcrumb\":{\"@id\":\"https:\/\/www.badia-adv.com\/es\/politica-de-privacidad\/#breadcrumb\"},\"inLanguage\":\"es\",\"potentialAction\":[{\"@type\":\"ReadAction\",\"target\":[\"https:\/\/www.badia-adv.com\/es\/politica-de-privacidad\/\"]}]},{\"@type\":\"BreadcrumbList\",\"@id\":\"https:\/\/www.badia-adv.com\/es\/politica-de-privacidad\/#breadcrumb\",\"itemListElement\":[{\"@type\":\"ListItem\",\"position\":1,\"name\":\"Inici\",\"item\":\"https:\/\/www.badia-adv.com\/es\/\"},{\"@type\":\"ListItem\",\"position\":2,\"name\":\"Pol\u00edtica de privacidad\"}]},{\"@type\":\"WebSite\",\"@id\":\"https:\/\/www.badia-adv.com\/es\/#website\",\"url\":\"https:\/\/www.badia-adv.com\/es\/\",\"name\":\"Badia Advocats\",\"description\":\"Despatx multidisciplinari que practica l\u2019advocacia artesanal.\",\"publisher\":{\"@id\":\"https:\/\/www.badia-adv.com\/es\/#organization\"},\"alternateName\":\"Despatx Badia Advocats\",\"potentialAction\":[{\"@type\":\"SearchAction\",\"target\":{\"@type\":\"EntryPoint\",\"urlTemplate\":\"https:\/\/www.badia-adv.com\/es\/?s={search_term_string}\"},\"query-input\":{\"@type\":\"PropertyValueSpecification\",\"valueRequired\":true,\"valueName\":\"search_term_string\"}}],\"inLanguage\":\"es\"},{\"@type\":\"Organization\",\"@id\":\"https:\/\/www.badia-adv.com\/es\/#organization\",\"name\":\"Badia Advocats\",\"url\":\"https:\/\/www.badia-adv.com\/es\/\",\"logo\":{\"@type\":\"ImageObject\",\"inLanguage\":\"es\",\"@id\":\"https:\/\/www.badia-adv.com\/es\/#\/schema\/logo\/image\/\",\"url\":\"\",\"contentUrl\":\"\",\"caption\":\"Badia Advocats\"},\"image\":{\"@id\":\"https:\/\/www.badia-adv.com\/es\/#\/schema\/logo\/image\/\"}}]}<\/script>\n<!-- \/ Yoast SEO plugin. -->","yoast_head_json":{"title":"Pol\u00edtica de privacidad - Badia Advocats","robots":{"index":"index","follow":"follow","max-snippet":"max-snippet:-1","max-image-preview":"max-image-preview:large","max-video-preview":"max-video-preview:-1"},"canonical":"https:\/\/www.badia-adv.com\/es\/politica-de-privacidad\/","og_locale":"es_ES","og_type":"article","og_title":"Pol\u00edtica de privacidad - Badia Advocats","og_description":"[vc_row][vc_column][vc_column_text] INFORMACI\u00d3N B\u00c1SICA SOBRE PROTECCI\u00d3N DE DATOS Responsable ESTUDI JUR\u00cdDIC BADIA SLP +info Finalidad &#8211; Gesti\u00f3n de los servicios contratados. &#8211; Tratamiento con fines comerciales, env\u00edo de ofertas, informaci\u00f3n y propuestas comerciales. &#8211; Participaci\u00f3n en las actividades del responsable. +info Legitimaci\u00f3n Consentimiento del interesado, con excepci\u00f3n de determinados supuestos en los que exista un inter\u00e9s [&hellip;]","og_url":"https:\/\/www.badia-adv.com\/es\/politica-de-privacidad\/","og_site_name":"Badia Advocats","article_modified_time":"2024-02-05T16:15:26+00:00","og_image":[{"width":900,"height":600,"url":"https:\/\/www.badia-adv.com\/wp-content\/uploads\/2023\/11\/BAD161015web092.jpg","type":"image\/jpeg"}],"twitter_card":"summary_large_image","twitter_misc":{"Tiempo de lectura":"7 minutos"},"schema":{"@context":"https:\/\/schema.org","@graph":[{"@type":"WebPage","@id":"https:\/\/www.badia-adv.com\/es\/politica-de-privacidad\/","url":"https:\/\/www.badia-adv.com\/es\/politica-de-privacidad\/","name":"Pol\u00edtica de privacidad - Badia Advocats","isPartOf":{"@id":"https:\/\/www.badia-adv.com\/es\/#website"},"datePublished":"2023-12-06T11:00:02+00:00","dateModified":"2024-02-05T16:15:26+00:00","breadcrumb":{"@id":"https:\/\/www.badia-adv.com\/es\/politica-de-privacidad\/#breadcrumb"},"inLanguage":"es","potentialAction":[{"@type":"ReadAction","target":["https:\/\/www.badia-adv.com\/es\/politica-de-privacidad\/"]}]},{"@type":"BreadcrumbList","@id":"https:\/\/www.badia-adv.com\/es\/politica-de-privacidad\/#breadcrumb","itemListElement":[{"@type":"ListItem","position":1,"name":"Inici","item":"https:\/\/www.badia-adv.com\/es\/"},{"@type":"ListItem","position":2,"name":"Pol\u00edtica de privacidad"}]},{"@type":"WebSite","@id":"https:\/\/www.badia-adv.com\/es\/#website","url":"https:\/\/www.badia-adv.com\/es\/","name":"Badia Advocats","description":"Despatx multidisciplinari que practica l\u2019advocacia artesanal.","publisher":{"@id":"https:\/\/www.badia-adv.com\/es\/#organization"},"alternateName":"Despatx Badia Advocats","potentialAction":[{"@type":"SearchAction","target":{"@type":"EntryPoint","urlTemplate":"https:\/\/www.badia-adv.com\/es\/?s={search_term_string}"},"query-input":{"@type":"PropertyValueSpecification","valueRequired":true,"valueName":"search_term_string"}}],"inLanguage":"es"},{"@type":"Organization","@id":"https:\/\/www.badia-adv.com\/es\/#organization","name":"Badia Advocats","url":"https:\/\/www.badia-adv.com\/es\/","logo":{"@type":"ImageObject","inLanguage":"es","@id":"https:\/\/www.badia-adv.com\/es\/#\/schema\/logo\/image\/","url":"","contentUrl":"","caption":"Badia Advocats"},"image":{"@id":"https:\/\/www.badia-adv.com\/es\/#\/schema\/logo\/image\/"}}]}},"_links":{"self":[{"href":"https:\/\/www.badia-adv.com\/es\/wp-json\/wp\/v2\/pages\/11583","targetHints":{"allow":["GET"]}}],"collection":[{"href":"https:\/\/www.badia-adv.com\/es\/wp-json\/wp\/v2\/pages"}],"about":[{"href":"https:\/\/www.badia-adv.com\/es\/wp-json\/wp\/v2\/types\/page"}],"author":[{"embeddable":true,"href":"https:\/\/www.badia-adv.com\/es\/wp-json\/wp\/v2\/users\/1"}],"replies":[{"embeddable":true,"href":"https:\/\/www.badia-adv.com\/es\/wp-json\/wp\/v2\/comments?post=11583"}],"version-history":[{"count":9,"href":"https:\/\/www.badia-adv.com\/es\/wp-json\/wp\/v2\/pages\/11583\/revisions"}],"predecessor-version":[{"id":11875,"href":"https:\/\/www.badia-adv.com\/es\/wp-json\/wp\/v2\/pages\/11583\/revisions\/11875"}],"wp:attachment":[{"href":"https:\/\/www.badia-adv.com\/es\/wp-json\/wp\/v2\/media?parent=11583"}],"curies":[{"name":"wp","href":"https:\/\/api.w.org\/{rel}","templated":true}]}}